{"id":679,"date":"2023-01-12T09:55:32","date_gmt":"2023-01-12T09:55:32","guid":{"rendered":"https:\/\/januscountry.hu\/nyar-udulohaz-csaladoknak\/"},"modified":"2023-07-06T18:59:50","modified_gmt":"2023-07-06T18:59:50","slug":"nyar-udulohaz-csaladoknak","status":"publish","type":"page","link":"https:\/\/januscountry.hu\/en\/nyar-udulohaz-csaladoknak\/","title":{"rendered":"&#8220;Summer&#8221; living quarter for families"},"content":{"rendered":"<p>[et_pb_section fb_built=&#8221;1&#8243; fullwidth=&#8221;on&#8221; _builder_version=&#8221;4.19.4&#8243; _module_preset=&#8221;default&#8221; global_colors_info=&#8221;{}&#8221;][et_pb_fullwidth_slider _builder_version=&#8221;4.19.4&#8243; _module_preset=&#8221;default&#8221; global_colors_info=&#8221;{}&#8221;][et_pb_slide _builder_version=&#8221;4.19.4&#8243; _module_preset=&#8221;default&#8221; background_enable_color=&#8221;off&#8221; background_image=&#8221;https:\/\/januscountry.hu\/wp-content\/uploads\/2023\/01\/nyar-udulohaz-1.jpg&#8221; background_enable_image=&#8221;on&#8221; global_colors_info=&#8221;{}&#8221; sticky_transition=&#8221;on&#8221;][\/et_pb_slide][et_pb_slide _builder_version=&#8221;4.19.4&#8243; _module_preset=&#8221;default&#8221; background_enable_color=&#8221;off&#8221; background_image=&#8221;https:\/\/januscountry.hu\/wp-content\/uploads\/2023\/01\/nyar-udulohaz-2.jpg&#8221; background_enable_image=&#8221;on&#8221; global_colors_info=&#8221;{}&#8221; sticky_transition=&#8221;on&#8221;][\/et_pb_slide][et_pb_slide _builder_version=&#8221;4.19.4&#8243; _module_preset=&#8221;default&#8221; background_enable_color=&#8221;off&#8221; background_image=&#8221;https:\/\/januscountry.hu\/wp-content\/uploads\/2023\/01\/nyar-udulohaz-3.jpg&#8221; background_enable_image=&#8221;on&#8221; global_colors_info=&#8221;{}&#8221; sticky_transition=&#8221;on&#8221;][\/et_pb_slide][\/et_pb_fullwidth_slider][\/et_pb_section][et_pb_section fb_built=&#8221;1&#8243; admin_label=&#8221;section&#8221; _builder_version=&#8221;4.16&#8243; custom_padding=&#8221;31px||29px|||&#8221; global_colors_info=&#8221;{}&#8221;][et_pb_row admin_label=&#8221;row&#8221; _builder_version=&#8221;4.16&#8243; background_size=&#8221;initial&#8221; background_position=&#8221;top_left&#8221; background_repeat=&#8221;repeat&#8221; global_colors_info=&#8221;{}&#8221;][et_pb_column type=&#8221;4_4&#8243; _builder_version=&#8221;4.16&#8243; custom_padding=&#8221;|||&#8221; global_colors_info=&#8221;{}&#8221; custom_padding__hover=&#8221;|||&#8221;][et_pb_text _builder_version=&#8221;4.21.0&#8243; _module_preset=&#8221;default&#8221; header_font=&#8221;Yantramanav|300||on|||||&#8221; header_font_size=&#8221;45px&#8221; header_line_height=&#8221;1.8em&#8221; width=&#8221;60%&#8221; module_alignment=&#8221;center&#8221; hover_enabled=&#8221;0&#8243; global_colors_info=&#8221;{}&#8221; sticky_enabled=&#8221;0&#8243;]<\/p>\n<h1 style=\"text-align: center;\">&#8220;Summer&#8221; Living quarters<\/h1>\n<p>[\/et_pb_text][\/et_pb_column][\/et_pb_row][et_pb_row _builder_version=&#8221;4.19.4&#8243; _module_preset=&#8221;default&#8221; global_colors_info=&#8221;{}&#8221;][et_pb_column type=&#8221;4_4&#8243; _builder_version=&#8221;4.19.4&#8243; _module_preset=&#8221;default&#8221; global_colors_info=&#8221;{}&#8221;][et_pb_image src=&#8221;https:\/\/januscountry.hu\/wp-content\/uploads\/2023\/01\/nyar-udulohaz-csaladoknak.png&#8221; title_text=&#8221;nyar-udulohaz-csaladoknak&#8221; align=&#8221;center&#8221; _builder_version=&#8221;4.19.4&#8243; _module_preset=&#8221;default&#8221; global_colors_info=&#8221;{}&#8221;][\/et_pb_image][et_pb_text _builder_version=&#8221;4.21.0&#8243; _module_preset=&#8221;default&#8221; header_4_font=&#8221;Arial||||||||&#8221; header_4_font_size=&#8221;16px&#8221; width=&#8221;60%&#8221; module_alignment=&#8221;center&#8221; global_colors_info=&#8221;{}&#8221;]<\/p>\n<h4 style=\"text-align: center;\"><strong>Equipment of the house<\/strong><\/h4>\n<p style=\"text-align: center;\">The house (apprx, 30m2) is very comfortable for 3 adults, or 2 adults + 2 children.\u00a0<\/p>\n<p style=\"text-align: center;\">Located under the atmospheric wallnut tree.<\/p>\n<p style=\"text-align: center;\">Has a living room, a small kitchen, a sofa-bed, a bathroom (sink, shower and toilet), bedroom with a double bed.<\/p>\n<p style=\"text-align: center;\">The rooms have access to a large private terrace, equiped with a grill and an outdoors jacuzzi.<\/p>\n<p>[\/et_pb_text][\/et_pb_column][\/et_pb_row][et_pb_row column_structure=&#8221;1_6,1_6,1_6,1_6,1_6,1_6&#8243; _builder_version=&#8221;4.19.4&#8243; _module_preset=&#8221;default&#8221; global_colors_info=&#8221;{}&#8221;][et_pb_column type=&#8221;1_6&#8243; _builder_version=&#8221;4.19.4&#8243; _module_preset=&#8221;default&#8221; global_colors_info=&#8221;{}&#8221;][et_pb_blurb image=&#8221;https:\/\/januscountry.hu\/wp-content\/uploads\/2023\/01\/franciaagy.png&#8221; image_icon_width=&#8221;30px&#8221; _builder_version=&#8221;4.21.0&#8243; _module_preset=&#8221;default&#8221; header_text_align=&#8221;center&#8221; global_colors_info=&#8221;{}&#8221;]<\/p>\n<p style=\"text-align: center;\">Double-bed<\/p>\n<p>[\/et_pb_blurb][\/et_pb_column][et_pb_column type=&#8221;1_6&#8243; _builder_version=&#8221;4.19.4&#8243; _module_preset=&#8221;default&#8221; global_colors_info=&#8221;{}&#8221;][et_pb_blurb use_icon=&#8221;on&#8221; font_icon=&#8221;&#xf4b8;||fa||900&#8243; image_icon_width=&#8221;30px&#8221; _builder_version=&#8221;4.21.0&#8243; _module_preset=&#8221;default&#8221; header_text_align=&#8221;center&#8221; global_colors_info=&#8221;{}&#8221;]<\/p>\n<p style=\"text-align: center;\">Extra sofa-bed<\/p>\n<p>[\/et_pb_blurb][\/et_pb_column][et_pb_column type=&#8221;1_6&#8243; _builder_version=&#8221;4.19.4&#8243; _module_preset=&#8221;default&#8221; global_colors_info=&#8221;{}&#8221;][et_pb_blurb use_icon=&#8221;on&#8221; font_icon=&#8221;&#xf2cc;||fa||900&#8243; image_icon_width=&#8221;30px&#8221; _builder_version=&#8221;4.21.0&#8243; _module_preset=&#8221;default&#8221; header_text_align=&#8221;center&#8221; global_colors_info=&#8221;{}&#8221;]<\/p>\n<p style=\"text-align: center;\">Bathroom, sink, toilet<\/p>\n<p>[\/et_pb_blurb][\/et_pb_column][et_pb_column type=&#8221;1_6&#8243; _builder_version=&#8221;4.19.4&#8243; _module_preset=&#8221;default&#8221; global_colors_info=&#8221;{}&#8221;][et_pb_blurb image=&#8221;https:\/\/januscountry.hu\/wp-content\/uploads\/2023\/01\/konyha-mini.png&#8221; image_icon_width=&#8221;30px&#8221; _builder_version=&#8221;4.21.0&#8243; _module_preset=&#8221;default&#8221; header_text_align=&#8221;center&#8221; global_colors_info=&#8221;{}&#8221;]<\/p>\n<p style=\"text-align: center;\">Small sized kitchen<\/p>\n<p>[\/et_pb_blurb][\/et_pb_column][et_pb_column type=&#8221;1_6&#8243; _builder_version=&#8221;4.19.4&#8243; _module_preset=&#8221;default&#8221; global_colors_info=&#8221;{}&#8221;][et_pb_blurb image=&#8221;https:\/\/januscountry.hu\/wp-content\/uploads\/2023\/01\/grill-ikon.png&#8221; image_icon_width=&#8221;30px&#8221; _builder_version=&#8221;4.21.0&#8243; _module_preset=&#8221;default&#8221; header_text_align=&#8221;center&#8221; global_colors_info=&#8221;{}&#8221;]<\/p>\n<p style=\"text-align: center;\">BBQ on terrace<\/p>\n<p>[\/et_pb_blurb][\/et_pb_column][et_pb_column type=&#8221;1_6&#8243; _builder_version=&#8221;4.19.4&#8243; _module_preset=&#8221;default&#8221; global_colors_info=&#8221;{}&#8221;][et_pb_blurb use_icon=&#8221;on&#8221; font_icon=&#8221;&#xf593;||fa||900&#8243; image_icon_width=&#8221;30px&#8221; _builder_version=&#8221;4.21.0&#8243; _module_preset=&#8221;default&#8221; header_text_align=&#8221;center&#8221; global_colors_info=&#8221;{}&#8221;]<\/p>\n<p style=\"text-align: center;\">Jacuzzi<\/p>\n<p>[\/et_pb_blurb][\/et_pb_column][\/et_pb_row][et_pb_row use_custom_gutter=&#8221;on&#8221; gutter_width=&#8221;2&#8243; _builder_version=&#8221;4.19.4&#8243; _module_preset=&#8221;default&#8221; global_colors_info=&#8221;{}&#8221;][et_pb_column type=&#8221;4_4&#8243; _builder_version=&#8221;4.19.4&#8243; _module_preset=&#8221;default&#8221; global_colors_info=&#8221;{}&#8221;][et_pb_gallery gallery_ids=&#8221;378,377,596,598,600,602,604,577&#8243; posts_number=&#8221;100&#8243; show_title_and_caption=&#8221;off&#8221; hover_icon=&#8221;&#x54;||divi||400&#8243; _builder_version=&#8221;4.21.0&#8243; _module_preset=&#8221;default&#8221; global_colors_info=&#8221;{}&#8221;][\/et_pb_gallery][\/et_pb_column][\/et_pb_row][et_pb_row _builder_version=&#8221;4.19.4&#8243; _module_preset=&#8221;default&#8221; custom_padding=&#8221;56px|||||&#8221; global_colors_info=&#8221;{}&#8221;][et_pb_column type=&#8221;4_4&#8243; _builder_version=&#8221;4.19.4&#8243; _module_preset=&#8221;default&#8221; global_colors_info=&#8221;{}&#8221;][et_pb_button button_url=&#8221;@ET-DC@eyJkeW5hbWljIjp0cnVlLCJjb250ZW50IjoicG9zdF9saW5rX3VybF9wYWdlIiwic2V0dGluZ3MiOnsicG9zdF9pZCI6IjUyIn19@&#8221; button_text=&#8221;Other living quarters&#8221; button_alignment=&#8221;center&#8221; _builder_version=&#8221;4.21.0&#8243; _dynamic_attributes=&#8221;button_url&#8221; _module_preset=&#8221;default&#8221; custom_button=&#8221;on&#8221; button_text_size=&#8221;18px&#8221; button_border_width=&#8221;1px&#8221; button_letter_spacing=&#8221;0px&#8221; button_font=&#8221;|300||on|||||&#8221; global_colors_info=&#8221;{}&#8221;][\/et_pb_button][\/et_pb_column][\/et_pb_row][\/et_pb_section]<\/p>\n","protected":false},"excerpt":{"rendered":"<p>&#8220;Summer&#8221; Living quartersEquipment of the house The house (apprx, 30m2) is very comfortable for 3 adults, or 2 adults + 2 children.\u00a0 Located under the atmospheric wallnut tree. Has a living room, a small kitchen, a sofa-bed, a bathroom (sink, shower and toilet), bedroom with a double bed. The rooms have access to a large [&hellip;]<\/p>\n","protected":false},"author":3,"featured_media":765,"parent":0,"menu_order":0,"comment_status":"closed","ping_status":"closed","template":"","meta":{"_et_pb_use_builder":"on","_et_pb_old_content":"","_et_gb_content_width":"","footnotes":""},"class_list":["post-679","page","type-page","status-publish","has-post-thumbnail","hentry"],"yoast_head":"<!-- This site is optimized with the Yoast SEO plugin v27.0 - https:\/\/yoast.com\/product\/yoast-seo-wordpress\/ -->\n<title>&quot;Summer&quot; living quarter for families - Janus Country Site<\/title>\n<meta name=\"robots\" content=\"index, follow, max-snippet:-1, max-image-preview:large, max-video-preview:-1\" \/>\n<link rel=\"canonical\" href=\"https:\/\/januscountry.hu\/en\/nyar-udulohaz-csaladoknak\/\" \/>\n<meta property=\"og:locale\" content=\"en_US\" \/>\n<meta property=\"og:type\" content=\"article\" \/>\n<meta property=\"og:title\" content=\"&quot;Summer&quot; living quarter for families - Janus Country Site\" \/>\n<meta property=\"og:description\" content=\"&quot;Summer&quot; Living quartersEquipment of the house The house (apprx, 30m2) is very comfortable for 3 adults, or 2 adults + 2 children.\u00a0 Located under the atmospheric wallnut tree. Has a living room, a small kitchen, a sofa-bed, a bathroom (sink, shower and toilet), bedroom with a double bed. The rooms have access to a large [&hellip;]\" \/>\n<meta property=\"og:url\" content=\"https:\/\/januscountry.hu\/en\/nyar-udulohaz-csaladoknak\/\" \/>\n<meta property=\"og:site_name\" content=\"Janus Country Site\" \/>\n<meta property=\"article:modified_time\" content=\"2023-07-06T18:59:50+00:00\" \/>\n<meta name=\"twitter:card\" content=\"summary_large_image\" \/>\n<meta name=\"twitter:label1\" content=\"Est. reading time\" \/>\n\t<meta name=\"twitter:data1\" content=\"2 minutes\" \/>\n<script type=\"application\/ld+json\" class=\"yoast-schema-graph\">{\"@context\":\"https:\/\/schema.org\",\"@graph\":[{\"@type\":\"WebPage\",\"@id\":\"https:\/\/januscountry.hu\/en\/nyar-udulohaz-csaladoknak\/\",\"url\":\"https:\/\/januscountry.hu\/en\/nyar-udulohaz-csaladoknak\/\",\"name\":\"\\\"Summer\\\" living quarter for families - Janus Country Site\",\"isPartOf\":{\"@id\":\"https:\/\/januscountry.hu\/#website\"},\"primaryImageOfPage\":{\"@id\":\"https:\/\/januscountry.hu\/en\/nyar-udulohaz-csaladoknak\/#primaryimage\"},\"image\":{\"@id\":\"https:\/\/januscountry.hu\/en\/nyar-udulohaz-csaladoknak\/#primaryimage\"},\"thumbnailUrl\":\"https:\/\/januscountry.hu\/wp-content\/uploads\/2023\/10\/IMG-9039-scaled.jpg\",\"datePublished\":\"2023-01-12T09:55:32+00:00\",\"dateModified\":\"2023-07-06T18:59:50+00:00\",\"breadcrumb\":{\"@id\":\"https:\/\/januscountry.hu\/en\/nyar-udulohaz-csaladoknak\/#breadcrumb\"},\"inLanguage\":\"en-US\",\"potentialAction\":[{\"@type\":\"ReadAction\",\"target\":[\"https:\/\/januscountry.hu\/en\/nyar-udulohaz-csaladoknak\/\"]}]},{\"@type\":\"ImageObject\",\"inLanguage\":\"en-US\",\"@id\":\"https:\/\/januscountry.hu\/en\/nyar-udulohaz-csaladoknak\/#primaryimage\",\"url\":\"https:\/\/januscountry.hu\/wp-content\/uploads\/2023\/10\/IMG-9039-scaled.jpg\",\"contentUrl\":\"https:\/\/januscountry.hu\/wp-content\/uploads\/2023\/10\/IMG-9039-scaled.jpg\",\"width\":1920,\"height\":1440},{\"@type\":\"BreadcrumbList\",\"@id\":\"https:\/\/januscountry.hu\/en\/nyar-udulohaz-csaladoknak\/#breadcrumb\",\"itemListElement\":[{\"@type\":\"ListItem\",\"position\":1,\"name\":\"Kezd\u0151lap\",\"item\":\"https:\/\/januscountry.hu\/en\/\"},{\"@type\":\"ListItem\",\"position\":2,\"name\":\"&#8220;Summer&#8221; living quarter for families\"}]},{\"@type\":\"WebSite\",\"@id\":\"https:\/\/januscountry.hu\/#website\",\"url\":\"https:\/\/januscountry.hu\/\",\"name\":\"Janus Country Site\",\"description\":\"\u00dcd\u00fcl\u0151h\u00e1zak Szakcson\",\"potentialAction\":[{\"@type\":\"SearchAction\",\"target\":{\"@type\":\"EntryPoint\",\"urlTemplate\":\"https:\/\/januscountry.hu\/?s={search_term_string}\"},\"query-input\":{\"@type\":\"PropertyValueSpecification\",\"valueRequired\":true,\"valueName\":\"search_term_string\"}}],\"inLanguage\":\"en-US\"}]}<\/script>\n<!-- \/ Yoast SEO plugin. -->","yoast_head_json":{"title":"\"Summer\" living quarter for families - Janus Country Site","robots":{"index":"index","follow":"follow","max-snippet":"max-snippet:-1","max-image-preview":"max-image-preview:large","max-video-preview":"max-video-preview:-1"},"canonical":"https:\/\/januscountry.hu\/en\/nyar-udulohaz-csaladoknak\/","og_locale":"en_US","og_type":"article","og_title":"\"Summer\" living quarter for families - Janus Country Site","og_description":"\"Summer\" Living quartersEquipment of the house The house (apprx, 30m2) is very comfortable for 3 adults, or 2 adults + 2 children.\u00a0 Located under the atmospheric wallnut tree. Has a living room, a small kitchen, a sofa-bed, a bathroom (sink, shower and toilet), bedroom with a double bed. The rooms have access to a large [&hellip;]","og_url":"https:\/\/januscountry.hu\/en\/nyar-udulohaz-csaladoknak\/","og_site_name":"Janus Country Site","article_modified_time":"2023-07-06T18:59:50+00:00","twitter_card":"summary_large_image","twitter_misc":{"Est. reading time":"2 minutes"},"schema":{"@context":"https:\/\/schema.org","@graph":[{"@type":"WebPage","@id":"https:\/\/januscountry.hu\/en\/nyar-udulohaz-csaladoknak\/","url":"https:\/\/januscountry.hu\/en\/nyar-udulohaz-csaladoknak\/","name":"\"Summer\" living quarter for families - Janus Country Site","isPartOf":{"@id":"https:\/\/januscountry.hu\/#website"},"primaryImageOfPage":{"@id":"https:\/\/januscountry.hu\/en\/nyar-udulohaz-csaladoknak\/#primaryimage"},"image":{"@id":"https:\/\/januscountry.hu\/en\/nyar-udulohaz-csaladoknak\/#primaryimage"},"thumbnailUrl":"https:\/\/januscountry.hu\/wp-content\/uploads\/2023\/10\/IMG-9039-scaled.jpg","datePublished":"2023-01-12T09:55:32+00:00","dateModified":"2023-07-06T18:59:50+00:00","breadcrumb":{"@id":"https:\/\/januscountry.hu\/en\/nyar-udulohaz-csaladoknak\/#breadcrumb"},"inLanguage":"en-US","potentialAction":[{"@type":"ReadAction","target":["https:\/\/januscountry.hu\/en\/nyar-udulohaz-csaladoknak\/"]}]},{"@type":"ImageObject","inLanguage":"en-US","@id":"https:\/\/januscountry.hu\/en\/nyar-udulohaz-csaladoknak\/#primaryimage","url":"https:\/\/januscountry.hu\/wp-content\/uploads\/2023\/10\/IMG-9039-scaled.jpg","contentUrl":"https:\/\/januscountry.hu\/wp-content\/uploads\/2023\/10\/IMG-9039-scaled.jpg","width":1920,"height":1440},{"@type":"BreadcrumbList","@id":"https:\/\/januscountry.hu\/en\/nyar-udulohaz-csaladoknak\/#breadcrumb","itemListElement":[{"@type":"ListItem","position":1,"name":"Kezd\u0151lap","item":"https:\/\/januscountry.hu\/en\/"},{"@type":"ListItem","position":2,"name":"&#8220;Summer&#8221; living quarter for families"}]},{"@type":"WebSite","@id":"https:\/\/januscountry.hu\/#website","url":"https:\/\/januscountry.hu\/","name":"Janus Country Site","description":"\u00dcd\u00fcl\u0151h\u00e1zak Szakcson","potentialAction":[{"@type":"SearchAction","target":{"@type":"EntryPoint","urlTemplate":"https:\/\/januscountry.hu\/?s={search_term_string}"},"query-input":{"@type":"PropertyValueSpecification","valueRequired":true,"valueName":"search_term_string"}}],"inLanguage":"en-US"}]}},"_links":{"self":[{"href":"https:\/\/januscountry.hu\/en\/wp-json\/wp\/v2\/pages\/679","targetHints":{"allow":["GET"]}}],"collection":[{"href":"https:\/\/januscountry.hu\/en\/wp-json\/wp\/v2\/pages"}],"about":[{"href":"https:\/\/januscountry.hu\/en\/wp-json\/wp\/v2\/types\/page"}],"author":[{"embeddable":true,"href":"https:\/\/januscountry.hu\/en\/wp-json\/wp\/v2\/users\/3"}],"replies":[{"embeddable":true,"href":"https:\/\/januscountry.hu\/en\/wp-json\/wp\/v2\/comments?post=679"}],"version-history":[{"count":10,"href":"https:\/\/januscountry.hu\/en\/wp-json\/wp\/v2\/pages\/679\/revisions"}],"predecessor-version":[{"id":691,"href":"https:\/\/januscountry.hu\/en\/wp-json\/wp\/v2\/pages\/679\/revisions\/691"}],"wp:featuredmedia":[{"embeddable":true,"href":"https:\/\/januscountry.hu\/en\/wp-json\/wp\/v2\/media\/765"}],"wp:attachment":[{"href":"https:\/\/januscountry.hu\/en\/wp-json\/wp\/v2\/media?parent=679"}],"curies":[{"name":"wp","href":"https:\/\/api.w.org\/{rel}","templated":true}]}}