{"id":483,"date":"2023-01-10T12:42:28","date_gmt":"2023-01-10T12:42:28","guid":{"rendered":"https:\/\/januscountry.wptar.hu\/contact\/"},"modified":"2023-05-12T10:36:29","modified_gmt":"2023-05-12T10:36:29","slug":"contact","status":"publish","type":"page","link":"https:\/\/januscountry.hu\/en\/contact\/","title":{"rendered":"Contact"},"content":{"rendered":"<p>[et_pb_section fb_built=&#8221;1&#8243; admin_label=&#8221;section&#8221; _builder_version=&#8221;4.16&#8243; custom_padding=&#8221;31px|||||&#8221; global_colors_info=&#8221;{}&#8221;][et_pb_row admin_label=&#8221;row&#8221; _builder_version=&#8221;4.16&#8243; background_size=&#8221;initial&#8221; background_position=&#8221;top_left&#8221; background_repeat=&#8221;repeat&#8221; global_colors_info=&#8221;{}&#8221;][et_pb_column type=&#8221;4_4&#8243; _builder_version=&#8221;4.16&#8243; custom_padding=&#8221;|||&#8221; global_colors_info=&#8221;{}&#8221; custom_padding__hover=&#8221;|||&#8221;][et_pb_text _builder_version=&#8221;4.21.0&#8243; _module_preset=&#8221;default&#8221; header_font=&#8221;Yantramanav|300||on|||||&#8221; header_font_size=&#8221;45px&#8221; header_line_height=&#8221;1.8em&#8221; width=&#8221;60%&#8221; module_alignment=&#8221;center&#8221; global_colors_info=&#8221;{}&#8221;]<\/p>\n<h1 style=\"text-align: center;\">Contact us!<\/h1>\n<p>[\/et_pb_text][\/et_pb_column][\/et_pb_row][et_pb_row _builder_version=&#8221;4.19.1&#8243; _module_preset=&#8221;default&#8221; custom_padding=&#8221;6px|||||&#8221; global_colors_info=&#8221;{}&#8221;][et_pb_column type=&#8221;4_4&#8243; _builder_version=&#8221;4.19.1&#8243; _module_preset=&#8221;default&#8221; global_colors_info=&#8221;{}&#8221;][et_pb_code _builder_version=&#8221;4.19.1&#8243; _module_preset=&#8221;default&#8221; global_colors_info=&#8221;{}&#8221;]<iframe src=\"https:\/\/www.google.com\/maps\/embed?pb=!1m14!1m8!1m3!1d2233.4716543376876!2d18.1188539!3d46.5379936!3m2!1i1024!2i768!4f13.1!3m3!1m2!1s0x47682fac560bbb9f%3A0x5a423fc6d3f1789f!2zSmFudXMgQ291bnRyeSBTaXRlIMOcZMO8bMWRaMOhemFr!5e1!3m2!1shu!2shu!4v1673454588809!5m2!1shu!2shu\" width=\"2400\" height=\"450\" style=\"border:0;\" allowfullscreen=\"\" loading=\"lazy\" referrerpolicy=\"no-referrer-when-downgrade\"><\/iframe>[\/et_pb_code][\/et_pb_column][\/et_pb_row][et_pb_row column_structure=&#8221;1_2,1_2&#8243; _builder_version=&#8221;4.19.1&#8243; _module_preset=&#8221;default&#8221; global_colors_info=&#8221;{}&#8221;][et_pb_column type=&#8221;1_2&#8243; _builder_version=&#8221;4.19.1&#8243; _module_preset=&#8221;default&#8221; global_colors_info=&#8221;{}&#8221;][et_pb_text _builder_version=&#8221;4.21.0&#8243; _module_preset=&#8221;default&#8221; global_colors_info=&#8221;{}&#8221;]<\/p>\n<h2>Contact us today!<\/h2>\n<p>[\/et_pb_text][et_pb_blurb url=&#8221;https:\/\/goo.gl\/maps\/qQaCTAX9jnd8ZjjZ6&#8243; url_new_window=&#8221;on&#8221; use_icon=&#8221;on&#8221; font_icon=&#8221;&#xe081;||divi||400&#8243; icon_placement=&#8221;left&#8221; _builder_version=&#8221;4.19.1&#8243; _module_preset=&#8221;default&#8221; body_line_height=&#8221;2.5em&#8221; global_colors_info=&#8221;{}&#8221;]<\/p>\n<p>7213 Szakcs, Ady u. 17.<\/p>\n<p>[\/et_pb_blurb][et_pb_blurb url=&#8221;tel:+36305006315&#8243; url_new_window=&#8221;on&#8221; use_icon=&#8221;on&#8221; font_icon=&#8221;&#xe00b;||divi||400&#8243; icon_placement=&#8221;left&#8221; _builder_version=&#8221;4.19.1&#8243; _module_preset=&#8221;default&#8221; body_line_height=&#8221;2.5em&#8221; global_colors_info=&#8221;{}&#8221;]<\/p>\n<p>+36 30 500 6315<\/p>\n<p>[\/et_pb_blurb][et_pb_blurb url=&#8221;tel:+3684312546%20%20&#8243; url_new_window=&#8221;on&#8221; use_icon=&#8221;on&#8221; font_icon=&#8221;&#xf879;||fa||900&#8243; icon_placement=&#8221;left&#8221; _builder_version=&#8221;4.19.1&#8243; _module_preset=&#8221;default&#8221; body_line_height=&#8221;2.5em&#8221; global_colors_info=&#8221;{}&#8221;]<\/p>\n<p>+36 84 312 546<\/p>\n<p>[\/et_pb_blurb][et_pb_blurb url=&#8221;mailto:info@januscountry.hu&#8221; url_new_window=&#8221;on&#8221; use_icon=&#8221;on&#8221; font_icon=&#8221;&#xf0e0;||fa||900&#8243; icon_placement=&#8221;left&#8221; _builder_version=&#8221;4.21.0&#8243; _module_preset=&#8221;default&#8221; body_line_height=&#8221;2.5em&#8221; hover_enabled=&#8221;0&#8243; global_colors_info=&#8221;{}&#8221; sticky_enabled=&#8221;0&#8243;]info@januscountry.hu[\/et_pb_blurb][et_pb_blurb url_new_window=&#8221;on&#8221; use_icon=&#8221;on&#8221; font_icon=&#8221;&#xe074;||divi||400&#8243; icon_placement=&#8221;left&#8221; _builder_version=&#8221;4.21.0&#8243; _module_preset=&#8221;default&#8221; body_line_height=&#8221;1em&#8221; global_colors_info=&#8221;{}&#8221;]Central Adress:<\/p>\n<p><strong>Janus Hotel <\/strong><\/p>\n<p>8600 Si\u00f3fok, F\u0151 u. 93-95.[\/et_pb_blurb][\/et_pb_column][et_pb_column type=&#8221;1_2&#8243; _builder_version=&#8221;4.19.1&#8243; _module_preset=&#8221;default&#8221; global_colors_info=&#8221;{}&#8221;][et_pb_text _builder_version=&#8221;4.21.0&#8243; _module_preset=&#8221;default&#8221; custom_margin=&#8221;||24px|||&#8221; global_colors_info=&#8221;{}&#8221;]<\/p>\n<h2>Or email us directly!<\/h2>\n<p>[\/et_pb_text][et_pb_code module_id=&#8221;contactwpcf7&#8243; module_class=&#8221;wpcf7form&#8221; _builder_version=&#8221;4.21.0&#8243; _module_preset=&#8221;default&#8221; global_colors_info=&#8221;{}&#8221;]\n<div class=\"wpcf7 no-js\" id=\"wpcf7-f487-o1\" lang=\"en-US\" dir=\"ltr\" data-wpcf7-id=\"487\">\n<div class=\"screen-reader-response\"><p role=\"status\" aria-live=\"polite\" aria-atomic=\"true\"><\/p> <ul><\/ul><\/div>\n<form action=\"\/en\/wp-json\/wp\/v2\/pages\/483#wpcf7-f487-o1\" method=\"post\" class=\"wpcf7-form init\" aria-label=\"Contact form\" novalidate=\"novalidate\" data-status=\"init\">\n<fieldset class=\"hidden-fields-container\"><input type=\"hidden\" name=\"_wpcf7\" value=\"487\" \/><input type=\"hidden\" name=\"_wpcf7_version\" value=\"6.1.5\" \/><input type=\"hidden\" name=\"_wpcf7_locale\" value=\"en_US\" \/><input type=\"hidden\" name=\"_wpcf7_unit_tag\" value=\"wpcf7-f487-o1\" \/><input type=\"hidden\" name=\"_wpcf7_container_post\" value=\"0\" \/><input type=\"hidden\" name=\"_wpcf7_posted_data_hash\" value=\"\" \/><input type=\"hidden\" name=\"_wpcf7_recaptcha_response\" value=\"\" \/>\n<\/fieldset>\n<p><span class=\"wpcf7-form-control-wrap\" data-name=\"Nev\"><input size=\"40\" maxlength=\"400\" class=\"wpcf7-form-control wpcf7-text wpcf7-validates-as-required\" aria-required=\"true\" aria-invalid=\"false\" placeholder=\"Name\" value=\"\" type=\"text\" name=\"Nev\" \/><\/span>\n<\/p>\n<p><span class=\"wpcf7-form-control-wrap\" data-name=\"email\"><input size=\"40\" maxlength=\"400\" class=\"wpcf7-form-control wpcf7-email wpcf7-validates-as-required wpcf7-text wpcf7-validates-as-email\" aria-required=\"true\" aria-invalid=\"false\" placeholder=\"E-mail\" value=\"\" type=\"email\" name=\"email\" \/><\/span>\n<\/p>\n<p><span class=\"wpcf7-form-control-wrap\" data-name=\"Tel\"><input size=\"40\" maxlength=\"400\" class=\"wpcf7-form-control wpcf7-tel wpcf7-validates-as-required wpcf7-text wpcf7-validates-as-tel\" aria-required=\"true\" aria-invalid=\"false\" placeholder=\"Phone number\" value=\"\" type=\"tel\" name=\"Tel\" \/><\/span>\n<\/p>\n<p><span class=\"wpcf7-form-control-wrap\" data-name=\"uzenet\"><textarea cols=\"40\" rows=\"10\" maxlength=\"2000\" class=\"wpcf7-form-control wpcf7-textarea\" aria-invalid=\"false\" placeholder=\"Message\" name=\"uzenet\"><\/textarea><\/span>\n<\/p>\n<p class=\"checkbox\"><span class=\"wpcf7-form-control-wrap\" data-name=\"adatkezeles\"><span class=\"wpcf7-form-control wpcf7-checkbox wpcf7-validates-as-required wpcf7-form-adatkezeles\"><span class=\"wpcf7-list-item first last\"><label><input type=\"checkbox\" name=\"adatkezeles[]\" value=\"I have read, and accept the terms of service.\" \/><span class=\"wpcf7-list-item-label\">I have read, and accept the terms of service.<\/span><\/label><\/span><\/span><\/span>\n<\/p>\n<p><button type=\"submit\" id=\"submit\" class=\"wpcf7-form-control wpcf7-submit has-spinner\">Send<\/button>\n<\/p><div class=\"wpcf7-response-output\" aria-hidden=\"true\"><\/div>\n<\/form>\n<\/div>\n[\/et_pb_code][\/et_pb_column][\/et_pb_row][\/et_pb_section]<\/p>\n","protected":false},"excerpt":{"rendered":"<p>Contact us!Contact us today!7213 Szakcs, Ady u. 17.+36 30 500 6315+36 84 312 546info@januscountry.huCentral Adress: Janus Hotel 8600 Si\u00f3fok, F\u0151 u. 93-95.Or email us directly!\n<div class=\"wpcf7 no-js\" id=\"wpcf7-f487-o2\" lang=\"en-US\" dir=\"ltr\" data-wpcf7-id=\"487\">\n<div class=\"screen-reader-response\"><p role=\"status\" aria-live=\"polite\" aria-atomic=\"true\"><\/p> <ul><\/ul><\/div>\n<form action=\"\/en\/wp-json\/wp\/v2\/pages\/483#wpcf7-f487-o2\" method=\"post\" class=\"wpcf7-form init\" aria-label=\"Contact form\" novalidate=\"novalidate\" data-status=\"init\">\n<fieldset class=\"hidden-fields-container\"><input type=\"hidden\" name=\"_wpcf7\" value=\"487\" \/><input type=\"hidden\" name=\"_wpcf7_version\" value=\"6.1.5\" \/><input type=\"hidden\" name=\"_wpcf7_locale\" value=\"en_US\" \/><input type=\"hidden\" name=\"_wpcf7_unit_tag\" value=\"wpcf7-f487-o2\" \/><input type=\"hidden\" name=\"_wpcf7_container_post\" value=\"0\" \/><input type=\"hidden\" name=\"_wpcf7_posted_data_hash\" value=\"\" \/><input type=\"hidden\" name=\"_wpcf7_recaptcha_response\" value=\"\" \/>\n<\/fieldset>\n<p><span class=\"wpcf7-form-control-wrap\" data-name=\"Nev\"><input size=\"40\" maxlength=\"400\" class=\"wpcf7-form-control wpcf7-text wpcf7-validates-as-required\" aria-required=\"true\" aria-invalid=\"false\" placeholder=\"Name\" value=\"\" type=\"text\" name=\"Nev\" \/><\/span>\n<\/p>\n<p><span class=\"wpcf7-form-control-wrap\" data-name=\"email\"><input size=\"40\" maxlength=\"400\" class=\"wpcf7-form-control wpcf7-email wpcf7-validates-as-required wpcf7-text wpcf7-validates-as-email\" aria-required=\"true\" aria-invalid=\"false\" placeholder=\"E-mail\" value=\"\" type=\"email\" name=\"email\" \/><\/span>\n<\/p>\n<p><span class=\"wpcf7-form-control-wrap\" data-name=\"Tel\"><input size=\"40\" maxlength=\"400\" class=\"wpcf7-form-control wpcf7-tel wpcf7-validates-as-required wpcf7-text wpcf7-validates-as-tel\" aria-required=\"true\" aria-invalid=\"false\" placeholder=\"Phone number\" value=\"\" type=\"tel\" name=\"Tel\" \/><\/span>\n<\/p>\n<p><span class=\"wpcf7-form-control-wrap\" data-name=\"uzenet\"><textarea cols=\"40\" rows=\"10\" maxlength=\"2000\" class=\"wpcf7-form-control wpcf7-textarea\" aria-invalid=\"false\" placeholder=\"Message\" name=\"uzenet\"><\/textarea><\/span>\n<\/p>\n<p class=\"checkbox\"><span class=\"wpcf7-form-control-wrap\" data-name=\"adatkezeles\"><span class=\"wpcf7-form-control wpcf7-checkbox wpcf7-validates-as-required wpcf7-form-adatkezeles\"><span class=\"wpcf7-list-item first last\"><label><input type=\"checkbox\" name=\"adatkezeles[]\" value=\"I have read, and accept the terms of service.\" \/><span class=\"wpcf7-list-item-label\">I have read, and accept the terms of service.<\/span><\/label><\/span><\/span><\/span>\n<\/p>\n<p><button type=\"submit\" id=\"submit\" class=\"wpcf7-form-control wpcf7-submit has-spinner\">Send<\/button>\n<\/p><div class=\"wpcf7-response-output\" aria-hidden=\"true\"><\/div>\n<\/form>\n<\/div>\n<\/p>\n","protected":false},"author":3,"featured_media":0,"parent":0,"menu_order":0,"comment_status":"closed","ping_status":"closed","template":"","meta":{"_et_pb_use_builder":"on","_et_pb_old_content":"","_et_gb_content_width":"","footnotes":""},"class_list":["post-483","page","type-page","status-publish","hentry"],"yoast_head":"<!-- This site is optimized with the Yoast SEO plugin v27.0 - https:\/\/yoast.com\/product\/yoast-seo-wordpress\/ -->\n<title>Contact - Janus Country Site<\/title>\n<meta name=\"robots\" content=\"index, follow, max-snippet:-1, max-image-preview:large, max-video-preview:-1\" \/>\n<link rel=\"canonical\" href=\"https:\/\/januscountry.hu\/kapcsolat\/\" \/>\n<meta property=\"og:locale\" content=\"en_US\" \/>\n<meta property=\"og:type\" content=\"article\" \/>\n<meta property=\"og:title\" content=\"Contact - Janus Country Site\" \/>\n<meta property=\"og:description\" content=\"Contact us!Contact us today!7213 Szakcs, Ady u. 17.+36 30 500 6315+36 84 312 546info@januscountry.huCentral Adress: Janus Hotel 8600 Si\u00f3fok, F\u0151 u. 93-95.Or email us directly!\" \/>\n<meta property=\"og:url\" content=\"https:\/\/januscountry.hu\/kapcsolat\/\" \/>\n<meta property=\"og:site_name\" content=\"Janus Country Site\" \/>\n<meta property=\"article:modified_time\" content=\"2023-05-12T10:36:29+00:00\" \/>\n<meta name=\"twitter:card\" content=\"summary_large_image\" \/>\n<meta name=\"twitter:label1\" content=\"Est. reading time\" \/>\n\t<meta name=\"twitter:data1\" content=\"2 minutes\" \/>\n<script type=\"application\/ld+json\" class=\"yoast-schema-graph\">{\"@context\":\"https:\/\/schema.org\",\"@graph\":[{\"@type\":\"WebPage\",\"@id\":\"https:\/\/januscountry.hu\/kapcsolat\/\",\"url\":\"https:\/\/januscountry.hu\/kapcsolat\/\",\"name\":\"Contact - Janus Country Site\",\"isPartOf\":{\"@id\":\"https:\/\/januscountry.hu\/#website\"},\"datePublished\":\"2023-01-10T12:42:28+00:00\",\"dateModified\":\"2023-05-12T10:36:29+00:00\",\"breadcrumb\":{\"@id\":\"https:\/\/januscountry.hu\/kapcsolat\/#breadcrumb\"},\"inLanguage\":\"en-US\",\"potentialAction\":[{\"@type\":\"ReadAction\",\"target\":[\"https:\/\/januscountry.hu\/kapcsolat\/\"]}]},{\"@type\":\"BreadcrumbList\",\"@id\":\"https:\/\/januscountry.hu\/kapcsolat\/#breadcrumb\",\"itemListElement\":[{\"@type\":\"ListItem\",\"position\":1,\"name\":\"Kezd\u0151lap\",\"item\":\"https:\/\/januscountry.hu\/en\/\"},{\"@type\":\"ListItem\",\"position\":2,\"name\":\"Contact\"}]},{\"@type\":\"WebSite\",\"@id\":\"https:\/\/januscountry.hu\/#website\",\"url\":\"https:\/\/januscountry.hu\/\",\"name\":\"Janus Country Site\",\"description\":\"\u00dcd\u00fcl\u0151h\u00e1zak Szakcson\",\"potentialAction\":[{\"@type\":\"SearchAction\",\"target\":{\"@type\":\"EntryPoint\",\"urlTemplate\":\"https:\/\/januscountry.hu\/?s={search_term_string}\"},\"query-input\":{\"@type\":\"PropertyValueSpecification\",\"valueRequired\":true,\"valueName\":\"search_term_string\"}}],\"inLanguage\":\"en-US\"}]}<\/script>\n<!-- \/ Yoast SEO plugin. -->","yoast_head_json":{"title":"Contact - Janus Country Site","robots":{"index":"index","follow":"follow","max-snippet":"max-snippet:-1","max-image-preview":"max-image-preview:large","max-video-preview":"max-video-preview:-1"},"canonical":"https:\/\/januscountry.hu\/kapcsolat\/","og_locale":"en_US","og_type":"article","og_title":"Contact - Janus Country Site","og_description":"Contact us!Contact us today!7213 Szakcs, Ady u. 17.+36 30 500 6315+36 84 312 546info@januscountry.huCentral Adress: Janus Hotel 8600 Si\u00f3fok, F\u0151 u. 93-95.Or email us directly!","og_url":"https:\/\/januscountry.hu\/kapcsolat\/","og_site_name":"Janus Country Site","article_modified_time":"2023-05-12T10:36:29+00:00","twitter_card":"summary_large_image","twitter_misc":{"Est. reading time":"2 minutes"},"schema":{"@context":"https:\/\/schema.org","@graph":[{"@type":"WebPage","@id":"https:\/\/januscountry.hu\/kapcsolat\/","url":"https:\/\/januscountry.hu\/kapcsolat\/","name":"Contact - Janus Country Site","isPartOf":{"@id":"https:\/\/januscountry.hu\/#website"},"datePublished":"2023-01-10T12:42:28+00:00","dateModified":"2023-05-12T10:36:29+00:00","breadcrumb":{"@id":"https:\/\/januscountry.hu\/kapcsolat\/#breadcrumb"},"inLanguage":"en-US","potentialAction":[{"@type":"ReadAction","target":["https:\/\/januscountry.hu\/kapcsolat\/"]}]},{"@type":"BreadcrumbList","@id":"https:\/\/januscountry.hu\/kapcsolat\/#breadcrumb","itemListElement":[{"@type":"ListItem","position":1,"name":"Kezd\u0151lap","item":"https:\/\/januscountry.hu\/en\/"},{"@type":"ListItem","position":2,"name":"Contact"}]},{"@type":"WebSite","@id":"https:\/\/januscountry.hu\/#website","url":"https:\/\/januscountry.hu\/","name":"Janus Country Site","description":"\u00dcd\u00fcl\u0151h\u00e1zak Szakcson","potentialAction":[{"@type":"SearchAction","target":{"@type":"EntryPoint","urlTemplate":"https:\/\/januscountry.hu\/?s={search_term_string}"},"query-input":{"@type":"PropertyValueSpecification","valueRequired":true,"valueName":"search_term_string"}}],"inLanguage":"en-US"}]}},"_links":{"self":[{"href":"https:\/\/januscountry.hu\/en\/wp-json\/wp\/v2\/pages\/483","targetHints":{"allow":["GET"]}}],"collection":[{"href":"https:\/\/januscountry.hu\/en\/wp-json\/wp\/v2\/pages"}],"about":[{"href":"https:\/\/januscountry.hu\/en\/wp-json\/wp\/v2\/types\/page"}],"author":[{"embeddable":true,"href":"https:\/\/januscountry.hu\/en\/wp-json\/wp\/v2\/users\/3"}],"replies":[{"embeddable":true,"href":"https:\/\/januscountry.hu\/en\/wp-json\/wp\/v2\/comments?post=483"}],"version-history":[{"count":5,"href":"https:\/\/januscountry.hu\/en\/wp-json\/wp\/v2\/pages\/483\/revisions"}],"predecessor-version":[{"id":628,"href":"https:\/\/januscountry.hu\/en\/wp-json\/wp\/v2\/pages\/483\/revisions\/628"}],"wp:attachment":[{"href":"https:\/\/januscountry.hu\/en\/wp-json\/wp\/v2\/media?parent=483"}],"curies":[{"name":"wp","href":"https:\/\/api.w.org\/{rel}","templated":true}]}}