{"id":450,"date":"2023-01-10T12:41:12","date_gmt":"2023-01-10T12:41:12","guid":{"rendered":"https:\/\/januscountry.wptar.hu\/special-offers\/"},"modified":"2023-05-02T12:35:30","modified_gmt":"2023-05-02T12:35:30","slug":"special-offers","status":"publish","type":"page","link":"https:\/\/januscountry.hu\/en\/special-offers\/","title":{"rendered":"Special offers"},"content":{"rendered":"<p>[et_pb_section fb_built=&#8221;1&#8243; admin_label=&#8221;section&#8221; _builder_version=&#8221;4.16&#8243; custom_padding=&#8221;31px|||||&#8221; global_colors_info=&#8221;{}&#8221;][et_pb_row admin_label=&#8221;row&#8221; _builder_version=&#8221;4.16&#8243; background_size=&#8221;initial&#8221; background_position=&#8221;top_left&#8221; background_repeat=&#8221;repeat&#8221; global_colors_info=&#8221;{}&#8221;][et_pb_column type=&#8221;4_4&#8243; _builder_version=&#8221;4.16&#8243; custom_padding=&#8221;|||&#8221; global_colors_info=&#8221;{}&#8221; custom_padding__hover=&#8221;|||&#8221;][et_pb_text _builder_version=&#8221;4.19.1&#8243; _module_preset=&#8221;default&#8221; header_font=&#8221;Yantramanav|300||on|||||&#8221; header_font_size=&#8221;45px&#8221; header_line_height=&#8221;1.8em&#8221; width=&#8221;60%&#8221; module_alignment=&#8221;center&#8221; global_colors_info=&#8221;{}&#8221;]<\/p>\n<h1 style=\"text-align: center;\">Special offers<\/h1>\n<p>[\/et_pb_text][\/et_pb_column][\/et_pb_row][et_pb_row _builder_version=&#8221;4.19.1&#8243; _module_preset=&#8221;default&#8221; global_colors_info=&#8221;{}&#8221;][et_pb_column type=&#8221;4_4&#8243; _builder_version=&#8221;4.19.1&#8243; _module_preset=&#8221;default&#8221; global_colors_info=&#8221;{}&#8221;][et_pb_blog fullwidth=&#8221;off&#8221; posts_number=&#8221;100&#8243; include_categories=&#8221;10&#8243; show_more=&#8221;on&#8221; show_author=&#8221;off&#8221; show_date=&#8221;off&#8221; show_categories=&#8221;off&#8221; show_pagination=&#8221;off&#8221; _builder_version=&#8221;4.19.1&#8243; _module_preset=&#8221;default&#8221; header_font=&#8221;|||on|||||&#8221; header_text_align=&#8221;center&#8221; body_text_align=&#8221;center&#8221; custom_margin=&#8221;||||true|true&#8221; custom_padding=&#8221;||||true|true&#8221; border_color_all=&#8221;#32b44a&#8221; global_colors_info=&#8221;{}&#8221;][\/et_pb_blog][\/et_pb_column][\/et_pb_row][\/et_pb_section]<\/p>\n","protected":false},"excerpt":{"rendered":"<p>Special offers<\/p>\n","protected":false},"author":3,"featured_media":0,"parent":0,"menu_order":0,"comment_status":"closed","ping_status":"closed","template":"","meta":{"_et_pb_use_builder":"on","_et_pb_old_content":"","_et_gb_content_width":"","footnotes":""},"class_list":["post-450","page","type-page","status-publish","hentry"],"yoast_head":"<!-- This site is optimized with the Yoast SEO plugin v27.0 - https:\/\/yoast.com\/product\/yoast-seo-wordpress\/ -->\n<title>Special offers - Janus Country Site<\/title>\n<meta name=\"robots\" content=\"index, follow, max-snippet:-1, max-image-preview:large, max-video-preview:-1\" \/>\n<link rel=\"canonical\" href=\"https:\/\/januscountry.hu\/en\/special-offers\/\" \/>\n<meta property=\"og:locale\" content=\"en_US\" \/>\n<meta property=\"og:type\" content=\"article\" \/>\n<meta property=\"og:title\" content=\"Special offers - Janus Country Site\" \/>\n<meta property=\"og:description\" content=\"Special offers\" \/>\n<meta property=\"og:url\" content=\"https:\/\/januscountry.hu\/en\/special-offers\/\" \/>\n<meta property=\"og:site_name\" content=\"Janus Country Site\" \/>\n<meta property=\"article:modified_time\" content=\"2023-05-02T12:35:30+00:00\" \/>\n<meta name=\"twitter:card\" content=\"summary_large_image\" \/>\n<meta name=\"twitter:label1\" content=\"Est. reading time\" \/>\n\t<meta name=\"twitter:data1\" content=\"1 minute\" \/>\n<script type=\"application\/ld+json\" class=\"yoast-schema-graph\">{\"@context\":\"https:\/\/schema.org\",\"@graph\":[{\"@type\":\"WebPage\",\"@id\":\"https:\/\/januscountry.hu\/en\/special-offers\/\",\"url\":\"https:\/\/januscountry.hu\/en\/special-offers\/\",\"name\":\"Special offers - Janus Country Site\",\"isPartOf\":{\"@id\":\"https:\/\/januscountry.hu\/#website\"},\"datePublished\":\"2023-01-10T12:41:12+00:00\",\"dateModified\":\"2023-05-02T12:35:30+00:00\",\"breadcrumb\":{\"@id\":\"https:\/\/januscountry.hu\/en\/special-offers\/#breadcrumb\"},\"inLanguage\":\"en-US\",\"potentialAction\":[{\"@type\":\"ReadAction\",\"target\":[\"https:\/\/januscountry.hu\/en\/special-offers\/\"]}]},{\"@type\":\"BreadcrumbList\",\"@id\":\"https:\/\/januscountry.hu\/en\/special-offers\/#breadcrumb\",\"itemListElement\":[{\"@type\":\"ListItem\",\"position\":1,\"name\":\"Kezd\u0151lap\",\"item\":\"https:\/\/januscountry.hu\/en\/\"},{\"@type\":\"ListItem\",\"position\":2,\"name\":\"Special offers\"}]},{\"@type\":\"WebSite\",\"@id\":\"https:\/\/januscountry.hu\/#website\",\"url\":\"https:\/\/januscountry.hu\/\",\"name\":\"Janus Country Site\",\"description\":\"\u00dcd\u00fcl\u0151h\u00e1zak Szakcson\",\"potentialAction\":[{\"@type\":\"SearchAction\",\"target\":{\"@type\":\"EntryPoint\",\"urlTemplate\":\"https:\/\/januscountry.hu\/?s={search_term_string}\"},\"query-input\":{\"@type\":\"PropertyValueSpecification\",\"valueRequired\":true,\"valueName\":\"search_term_string\"}}],\"inLanguage\":\"en-US\"}]}<\/script>\n<!-- \/ Yoast SEO plugin. -->","yoast_head_json":{"title":"Special offers - Janus Country Site","robots":{"index":"index","follow":"follow","max-snippet":"max-snippet:-1","max-image-preview":"max-image-preview:large","max-video-preview":"max-video-preview:-1"},"canonical":"https:\/\/januscountry.hu\/en\/special-offers\/","og_locale":"en_US","og_type":"article","og_title":"Special offers - Janus Country Site","og_description":"Special offers","og_url":"https:\/\/januscountry.hu\/en\/special-offers\/","og_site_name":"Janus Country Site","article_modified_time":"2023-05-02T12:35:30+00:00","twitter_card":"summary_large_image","twitter_misc":{"Est. reading time":"1 minute"},"schema":{"@context":"https:\/\/schema.org","@graph":[{"@type":"WebPage","@id":"https:\/\/januscountry.hu\/en\/special-offers\/","url":"https:\/\/januscountry.hu\/en\/special-offers\/","name":"Special offers - Janus Country Site","isPartOf":{"@id":"https:\/\/januscountry.hu\/#website"},"datePublished":"2023-01-10T12:41:12+00:00","dateModified":"2023-05-02T12:35:30+00:00","breadcrumb":{"@id":"https:\/\/januscountry.hu\/en\/special-offers\/#breadcrumb"},"inLanguage":"en-US","potentialAction":[{"@type":"ReadAction","target":["https:\/\/januscountry.hu\/en\/special-offers\/"]}]},{"@type":"BreadcrumbList","@id":"https:\/\/januscountry.hu\/en\/special-offers\/#breadcrumb","itemListElement":[{"@type":"ListItem","position":1,"name":"Kezd\u0151lap","item":"https:\/\/januscountry.hu\/en\/"},{"@type":"ListItem","position":2,"name":"Special offers"}]},{"@type":"WebSite","@id":"https:\/\/januscountry.hu\/#website","url":"https:\/\/januscountry.hu\/","name":"Janus Country Site","description":"\u00dcd\u00fcl\u0151h\u00e1zak Szakcson","potentialAction":[{"@type":"SearchAction","target":{"@type":"EntryPoint","urlTemplate":"https:\/\/januscountry.hu\/?s={search_term_string}"},"query-input":{"@type":"PropertyValueSpecification","valueRequired":true,"valueName":"search_term_string"}}],"inLanguage":"en-US"}]}},"_links":{"self":[{"href":"https:\/\/januscountry.hu\/en\/wp-json\/wp\/v2\/pages\/450","targetHints":{"allow":["GET"]}}],"collection":[{"href":"https:\/\/januscountry.hu\/en\/wp-json\/wp\/v2\/pages"}],"about":[{"href":"https:\/\/januscountry.hu\/en\/wp-json\/wp\/v2\/types\/page"}],"author":[{"embeddable":true,"href":"https:\/\/januscountry.hu\/en\/wp-json\/wp\/v2\/users\/3"}],"replies":[{"embeddable":true,"href":"https:\/\/januscountry.hu\/en\/wp-json\/wp\/v2\/comments?post=450"}],"version-history":[{"count":2,"href":"https:\/\/januscountry.hu\/en\/wp-json\/wp\/v2\/pages\/450\/revisions"}],"predecessor-version":[{"id":452,"href":"https:\/\/januscountry.hu\/en\/wp-json\/wp\/v2\/pages\/450\/revisions\/452"}],"wp:attachment":[{"href":"https:\/\/januscountry.hu\/en\/wp-json\/wp\/v2\/media?parent=450"}],"curies":[{"name":"wp","href":"https:\/\/api.w.org\/{rel}","templated":true}]}}