{"id":444,"date":"2023-01-10T12:41:26","date_gmt":"2023-01-10T12:41:26","guid":{"rendered":"https:\/\/januscountry.wptar.hu\/hazak\/"},"modified":"2023-05-10T06:05:32","modified_gmt":"2023-05-10T06:05:32","slug":"houses","status":"publish","type":"page","link":"https:\/\/januscountry.hu\/en\/houses\/","title":{"rendered":"Houses"},"content":{"rendered":"<p>[et_pb_section fb_built=&#8221;1&#8243; admin_label=&#8221;section&#8221; _builder_version=&#8221;4.16&#8243; custom_padding=&#8221;31px||32px|||&#8221; global_colors_info=&#8221;{}&#8221;][et_pb_row admin_label=&#8221;row&#8221; _builder_version=&#8221;4.16&#8243; background_size=&#8221;initial&#8221; background_position=&#8221;top_left&#8221; background_repeat=&#8221;repeat&#8221; global_colors_info=&#8221;{}&#8221;][et_pb_column type=&#8221;4_4&#8243; _builder_version=&#8221;4.16&#8243; custom_padding=&#8221;|||&#8221; global_colors_info=&#8221;{}&#8221; custom_padding__hover=&#8221;|||&#8221;][et_pb_text _builder_version=&#8221;4.21.0&#8243; _module_preset=&#8221;default&#8221; header_font=&#8221;Yantramanav|300||on|||||&#8221; header_font_size=&#8221;45px&#8221; header_line_height=&#8221;1.8em&#8221; header_2_font=&#8221;|300||on|||||&#8221; header_2_font_size=&#8221;45px&#8221; header_2_line_height=&#8221;1.8em&#8221; width=&#8221;60%&#8221; module_alignment=&#8221;center&#8221; global_colors_info=&#8221;{}&#8221;]<\/p>\n<h1 style=\"text-align: center;\">FOUR SEASONS HOLIDAY HOMES<\/h1>\n<p>[\/et_pb_text][\/et_pb_column][\/et_pb_row][et_pb_row column_structure=&#8221;1_2,1_2&#8243; use_custom_gutter=&#8221;on&#8221; gutter_width=&#8221;2&#8243; make_equal=&#8221;on&#8221; _builder_version=&#8221;4.21.0&#8243; _module_preset=&#8221;default&#8221; custom_padding=&#8221;20px|||||&#8221; global_colors_info=&#8221;{}&#8221;][et_pb_column type=&#8221;1_2&#8243; _builder_version=&#8221;4.19.1&#8243; _module_preset=&#8221;default&#8221; custom_padding=&#8221;10px|10px|10px|10px|true|true&#8221; border_width_all=&#8221;1px&#8221; border_color_all=&#8221;#32b44a&#8221; global_colors_info=&#8221;{}&#8221;][et_pb_blurb title=&#8221;SPRING EXTRA&#8221; url=&#8221;@ET-DC@eyJkeW5hbWljIjp0cnVlLCJjb250ZW50IjoicG9zdF9saW5rX3VybF9wYWdlIiwic2V0dGluZ3MiOnsicG9zdF9pZCI6IjIzOCJ9fQ==@&#8221; image=&#8221;https:\/\/januscountry.hu\/wp-content\/uploads\/2023\/01\/tavasz-extra-haz.png&#8221; _builder_version=&#8221;4.21.0&#8243; _dynamic_attributes=&#8221;url&#8221; _module_preset=&#8221;default&#8221; header_level=&#8221;h3&#8243; header_font=&#8221;|||on|||||&#8221; header_text_align=&#8221;center&#8221; header_font_size=&#8221;22px&#8221; animation=&#8221;off&#8221; global_colors_info=&#8221;{}&#8221;]<\/p>\n<p style=\"text-align: justify;\">The house, which is 30 sqms, can comfortably accomodate 3 adults, or 2 adults and 2 children. It can be found ont he highest spot ont he plot. Inside, there is a living room, kitchen, sofabed, bathroom (shower, sink, toilett), bedroom with a double bed. On the terrace, is a grill, and an outdoors jacuzzi equipment.<\/p>\n<p>[\/et_pb_blurb][et_pb_button button_url=&#8221;@ET-DC@eyJkeW5hbWljIjp0cnVlLCJjb250ZW50IjoicG9zdF9saW5rX3VybF9wYWdlIiwic2V0dGluZ3MiOnsicG9zdF9pZCI6IjIzOCJ9fQ==@&#8221; button_text=&#8221;Read More&#8221; button_alignment=&#8221;center&#8221; _builder_version=&#8221;4.21.0&#8243; _dynamic_attributes=&#8221;button_url&#8221; _module_preset=&#8221;default&#8221; custom_button=&#8221;on&#8221; button_text_size=&#8221;14px&#8221; button_border_width=&#8221;1px&#8221; global_colors_info=&#8221;{}&#8221;][\/et_pb_button][\/et_pb_column][et_pb_column type=&#8221;1_2&#8243; _builder_version=&#8221;4.19.1&#8243; _module_preset=&#8221;default&#8221; custom_padding=&#8221;10px|10px|10px|10px|true|true&#8221; border_width_all=&#8221;1px&#8221; border_color_all=&#8221;#32b44a&#8221; global_colors_info=&#8221;{}&#8221;][et_pb_blurb title=&#8221;SUMMER FOR FAMILIES&#8221; url=&#8221;@ET-DC@eyJkeW5hbWljIjp0cnVlLCJjb250ZW50IjoicG9zdF9saW5rX3VybF9wYWdlIiwic2V0dGluZ3MiOnsicG9zdF9pZCI6IjI2NiJ9fQ==@&#8221; image=&#8221;https:\/\/januscountry.hu\/wp-content\/uploads\/2023\/01\/nyar-udulohaz-csaladoknak.png&#8221; _builder_version=&#8221;4.21.0&#8243; _dynamic_attributes=&#8221;url&#8221; _module_preset=&#8221;default&#8221; header_level=&#8221;h3&#8243; header_font=&#8221;|||on|||||&#8221; header_text_align=&#8221;center&#8221; header_font_size=&#8221;22px&#8221; animation=&#8221;off&#8221; global_colors_info=&#8221;{}&#8221;]<\/p>\n<p style=\"text-align: justify;\">The house, which is 30 sqms, can comfortably accomodate 3 adults, or 2 adults and 2 children.<br \/>\nIt is under the old wallnut. Inside, there is a living room, kitchen, sofabed, bathroom (shower, sink, toilett), bedroom with a double bed. On the terrace, is a grill, and an outdoors jacuzzi equipment.<\/p>\n<p>[\/et_pb_blurb][et_pb_button button_url=&#8221;@ET-DC@eyJkeW5hbWljIjp0cnVlLCJjb250ZW50IjoicG9zdF9saW5rX3VybF9wYWdlIiwic2V0dGluZ3MiOnsicG9zdF9pZCI6IjI2NiJ9fQ==@&#8221; button_text=&#8221;Read More&#8221; button_alignment=&#8221;center&#8221; _builder_version=&#8221;4.21.0&#8243; _dynamic_attributes=&#8221;button_url&#8221; _module_preset=&#8221;default&#8221; custom_button=&#8221;on&#8221; button_text_size=&#8221;14px&#8221; button_border_width=&#8221;1px&#8221; global_colors_info=&#8221;{}&#8221;][\/et_pb_button][\/et_pb_column][\/et_pb_row][et_pb_row admin_label=&#8221;row&#8221; _builder_version=&#8221;4.16&#8243; background_size=&#8221;initial&#8221; background_position=&#8221;top_left&#8221; background_repeat=&#8221;repeat&#8221; custom_padding=&#8221;||15px|||&#8221; global_colors_info=&#8221;{}&#8221;][et_pb_column type=&#8221;4_4&#8243; _builder_version=&#8221;4.16&#8243; custom_padding=&#8221;|||&#8221; global_colors_info=&#8221;{}&#8221; custom_padding__hover=&#8221;|||&#8221;][et_pb_text _builder_version=&#8221;4.21.0&#8243; _module_preset=&#8221;default&#8221; header_font=&#8221;Yantramanav|300||on|||||&#8221; header_font_size=&#8221;45px&#8221; header_line_height=&#8221;1.8em&#8221; header_2_font=&#8221;|300||on|||||&#8221; header_2_font_size=&#8221;45px&#8221; header_2_line_height=&#8221;1.8em&#8221; width=&#8221;60%&#8221; module_alignment=&#8221;center&#8221; hover_enabled=&#8221;0&#8243; global_colors_info=&#8221;{}&#8221; sticky_enabled=&#8221;0&#8243;]<\/p>\n<h2 style=\"text-align: center;\">\u00c1RP\u00c1D DINASTY FLATS COMING SOON<\/h2>\n<p>[\/et_pb_text][\/et_pb_column][\/et_pb_row][\/et_pb_section]<\/p>\n","protected":false},"excerpt":{"rendered":"<p>FOUR SEASONS HOLIDAY HOMESThe house, which is 30 sqms, can comfortably accomodate 3 adults, or 2 adults and 2 children. It can be found ont he highest spot ont he plot. Inside, there is a living room, kitchen, sofabed, bathroom (shower, sink, toilett), bedroom with a double bed. On the terrace, is a grill, and [&hellip;]<\/p>\n","protected":false},"author":3,"featured_media":0,"parent":0,"menu_order":0,"comment_status":"closed","ping_status":"closed","template":"","meta":{"_et_pb_use_builder":"on","_et_pb_old_content":"","_et_gb_content_width":"","footnotes":""},"class_list":["post-444","page","type-page","status-publish","hentry"],"yoast_head":"<!-- This site is optimized with the Yoast SEO plugin v27.0 - https:\/\/yoast.com\/product\/yoast-seo-wordpress\/ -->\n<title>Houses - Janus Country Site<\/title>\n<meta name=\"robots\" content=\"index, follow, max-snippet:-1, max-image-preview:large, max-video-preview:-1\" \/>\n<link rel=\"canonical\" href=\"https:\/\/januscountry.hu\/en\/houses\/\" \/>\n<meta property=\"og:locale\" content=\"en_US\" \/>\n<meta property=\"og:type\" content=\"article\" \/>\n<meta property=\"og:title\" content=\"Houses - Janus Country Site\" \/>\n<meta property=\"og:description\" content=\"FOUR SEASONS HOLIDAY HOMESThe house, which is 30 sqms, can comfortably accomodate 3 adults, or 2 adults and 2 children. It can be found ont he highest spot ont he plot. Inside, there is a living room, kitchen, sofabed, bathroom (shower, sink, toilett), bedroom with a double bed. On the terrace, is a grill, and [&hellip;]\" \/>\n<meta property=\"og:url\" content=\"https:\/\/januscountry.hu\/en\/houses\/\" \/>\n<meta property=\"og:site_name\" content=\"Janus Country Site\" \/>\n<meta property=\"article:modified_time\" content=\"2023-05-10T06:05:32+00:00\" \/>\n<meta name=\"twitter:card\" content=\"summary_large_image\" \/>\n<meta name=\"twitter:label1\" content=\"Est. reading time\" \/>\n\t<meta name=\"twitter:data1\" content=\"4 minutes\" \/>\n<script type=\"application\/ld+json\" class=\"yoast-schema-graph\">{\"@context\":\"https:\/\/schema.org\",\"@graph\":[{\"@type\":\"WebPage\",\"@id\":\"https:\/\/januscountry.hu\/en\/houses\/\",\"url\":\"https:\/\/januscountry.hu\/en\/houses\/\",\"name\":\"Houses - Janus Country Site\",\"isPartOf\":{\"@id\":\"https:\/\/januscountry.hu\/#website\"},\"datePublished\":\"2023-01-10T12:41:26+00:00\",\"dateModified\":\"2023-05-10T06:05:32+00:00\",\"breadcrumb\":{\"@id\":\"https:\/\/januscountry.hu\/en\/houses\/#breadcrumb\"},\"inLanguage\":\"en-US\",\"potentialAction\":[{\"@type\":\"ReadAction\",\"target\":[\"https:\/\/januscountry.hu\/en\/houses\/\"]}]},{\"@type\":\"BreadcrumbList\",\"@id\":\"https:\/\/januscountry.hu\/en\/houses\/#breadcrumb\",\"itemListElement\":[{\"@type\":\"ListItem\",\"position\":1,\"name\":\"Kezd\u0151lap\",\"item\":\"https:\/\/januscountry.hu\/en\/\"},{\"@type\":\"ListItem\",\"position\":2,\"name\":\"Houses\"}]},{\"@type\":\"WebSite\",\"@id\":\"https:\/\/januscountry.hu\/#website\",\"url\":\"https:\/\/januscountry.hu\/\",\"name\":\"Janus Country Site\",\"description\":\"\u00dcd\u00fcl\u0151h\u00e1zak Szakcson\",\"potentialAction\":[{\"@type\":\"SearchAction\",\"target\":{\"@type\":\"EntryPoint\",\"urlTemplate\":\"https:\/\/januscountry.hu\/?s={search_term_string}\"},\"query-input\":{\"@type\":\"PropertyValueSpecification\",\"valueRequired\":true,\"valueName\":\"search_term_string\"}}],\"inLanguage\":\"en-US\"}]}<\/script>\n<!-- \/ Yoast SEO plugin. -->","yoast_head_json":{"title":"Houses - Janus Country Site","robots":{"index":"index","follow":"follow","max-snippet":"max-snippet:-1","max-image-preview":"max-image-preview:large","max-video-preview":"max-video-preview:-1"},"canonical":"https:\/\/januscountry.hu\/en\/houses\/","og_locale":"en_US","og_type":"article","og_title":"Houses - Janus Country Site","og_description":"FOUR SEASONS HOLIDAY HOMESThe house, which is 30 sqms, can comfortably accomodate 3 adults, or 2 adults and 2 children. It can be found ont he highest spot ont he plot. Inside, there is a living room, kitchen, sofabed, bathroom (shower, sink, toilett), bedroom with a double bed. On the terrace, is a grill, and [&hellip;]","og_url":"https:\/\/januscountry.hu\/en\/houses\/","og_site_name":"Janus Country Site","article_modified_time":"2023-05-10T06:05:32+00:00","twitter_card":"summary_large_image","twitter_misc":{"Est. reading time":"4 minutes"},"schema":{"@context":"https:\/\/schema.org","@graph":[{"@type":"WebPage","@id":"https:\/\/januscountry.hu\/en\/houses\/","url":"https:\/\/januscountry.hu\/en\/houses\/","name":"Houses - Janus Country Site","isPartOf":{"@id":"https:\/\/januscountry.hu\/#website"},"datePublished":"2023-01-10T12:41:26+00:00","dateModified":"2023-05-10T06:05:32+00:00","breadcrumb":{"@id":"https:\/\/januscountry.hu\/en\/houses\/#breadcrumb"},"inLanguage":"en-US","potentialAction":[{"@type":"ReadAction","target":["https:\/\/januscountry.hu\/en\/houses\/"]}]},{"@type":"BreadcrumbList","@id":"https:\/\/januscountry.hu\/en\/houses\/#breadcrumb","itemListElement":[{"@type":"ListItem","position":1,"name":"Kezd\u0151lap","item":"https:\/\/januscountry.hu\/en\/"},{"@type":"ListItem","position":2,"name":"Houses"}]},{"@type":"WebSite","@id":"https:\/\/januscountry.hu\/#website","url":"https:\/\/januscountry.hu\/","name":"Janus Country Site","description":"\u00dcd\u00fcl\u0151h\u00e1zak Szakcson","potentialAction":[{"@type":"SearchAction","target":{"@type":"EntryPoint","urlTemplate":"https:\/\/januscountry.hu\/?s={search_term_string}"},"query-input":{"@type":"PropertyValueSpecification","valueRequired":true,"valueName":"search_term_string"}}],"inLanguage":"en-US"}]}},"_links":{"self":[{"href":"https:\/\/januscountry.hu\/en\/wp-json\/wp\/v2\/pages\/444","targetHints":{"allow":["GET"]}}],"collection":[{"href":"https:\/\/januscountry.hu\/en\/wp-json\/wp\/v2\/pages"}],"about":[{"href":"https:\/\/januscountry.hu\/en\/wp-json\/wp\/v2\/types\/page"}],"author":[{"embeddable":true,"href":"https:\/\/januscountry.hu\/en\/wp-json\/wp\/v2\/users\/3"}],"replies":[{"embeddable":true,"href":"https:\/\/januscountry.hu\/en\/wp-json\/wp\/v2\/comments?post=444"}],"version-history":[{"count":7,"href":"https:\/\/januscountry.hu\/en\/wp-json\/wp\/v2\/pages\/444\/revisions"}],"predecessor-version":[{"id":622,"href":"https:\/\/januscountry.hu\/en\/wp-json\/wp\/v2\/pages\/444\/revisions\/622"}],"wp:attachment":[{"href":"https:\/\/januscountry.hu\/en\/wp-json\/wp\/v2\/media?parent=444"}],"curies":[{"name":"wp","href":"https:\/\/api.w.org\/{rel}","templated":true}]}}