{"id":426,"date":"2023-01-10T12:40:35","date_gmt":"2023-01-10T12:40:35","guid":{"rendered":"https:\/\/januscountry.wptar.hu\/fooldal\/"},"modified":"2023-05-02T12:22:05","modified_gmt":"2023-05-02T12:22:05","slug":"fooldal","status":"publish","type":"page","link":"https:\/\/januscountry.hu\/en\/","title":{"rendered":"Home"},"content":{"rendered":"<p>[et_pb_section fb_built=&#8221;1&#8243; fullwidth=&#8221;on&#8221; _builder_version=&#8221;4.19.1&#8243; _module_preset=&#8221;default&#8221; global_colors_info=&#8221;{}&#8221;][et_pb_fullwidth_slider _builder_version=&#8221;4.19.1&#8243; _module_preset=&#8221;default&#8221; min_height=&#8221;500px&#8221; height=&#8221;500px&#8221; global_colors_info=&#8221;{}&#8221;][et_pb_slide _builder_version=&#8221;4.19.1&#8243; _module_preset=&#8221;default&#8221; background_enable_color=&#8221;off&#8221; background_image=&#8221;https:\/\/januscountry.hu\/wp-content\/uploads\/2023\/01\/janus-country-site-udulohazak-tavasz-kint-2.jpg&#8221; background_enable_image=&#8221;on&#8221; global_colors_info=&#8221;{}&#8221; sticky_transition=&#8221;on&#8221;][\/et_pb_slide][et_pb_slide _builder_version=&#8221;4.19.1&#8243; _module_preset=&#8221;default&#8221; background_enable_color=&#8221;off&#8221; background_image=&#8221;https:\/\/januscountry.hu\/wp-content\/uploads\/2023\/01\/janus-country-site-udulohazak-nyar.jpg&#8221; background_enable_image=&#8221;on&#8221; global_colors_info=&#8221;{}&#8221; sticky_transition=&#8221;on&#8221;][\/et_pb_slide][et_pb_slide _builder_version=&#8221;4.19.1&#8243; _module_preset=&#8221;default&#8221; background_enable_color=&#8221;off&#8221; background_image=&#8221;https:\/\/januscountry.hu\/wp-content\/uploads\/2023\/01\/tavasz-kilatas-udulohaz.jpg&#8221; background_enable_image=&#8221;on&#8221; global_colors_info=&#8221;{}&#8221; sticky_transition=&#8221;on&#8221;][\/et_pb_slide][et_pb_slide _builder_version=&#8221;4.19.1&#8243; _module_preset=&#8221;default&#8221; background_enable_color=&#8221;off&#8221; background_image=&#8221;https:\/\/januscountry.hu\/wp-content\/uploads\/2023\/01\/janus-country-site-udulohaz-osz.jpg&#8221; background_enable_image=&#8221;on&#8221; global_colors_info=&#8221;{}&#8221; sticky_transition=&#8221;on&#8221;][\/et_pb_slide][et_pb_slide _builder_version=&#8221;4.19.1&#8243; _module_preset=&#8221;default&#8221; background_enable_color=&#8221;off&#8221; background_image=&#8221;https:\/\/januscountry.hu\/wp-content\/uploads\/2023\/01\/janus-country-site-udulohazak-nyar-kint.jpg&#8221; background_enable_image=&#8221;on&#8221; global_colors_info=&#8221;{}&#8221; sticky_transition=&#8221;on&#8221;][\/et_pb_slide][et_pb_slide _builder_version=&#8221;4.19.1&#8243; _module_preset=&#8221;default&#8221; background_enable_color=&#8221;off&#8221; background_image=&#8221;https:\/\/januscountry.hu\/wp-content\/uploads\/2023\/01\/janus-country-site-arpad-haz.jpg&#8221; background_enable_image=&#8221;on&#8221; global_colors_info=&#8221;{}&#8221; sticky_transition=&#8221;on&#8221;][\/et_pb_slide][\/et_pb_fullwidth_slider][\/et_pb_section][et_pb_section fb_built=&#8221;1&#8243; _builder_version=&#8221;4.19.1&#8243; _module_preset=&#8221;default&#8221; global_colors_info=&#8221;{}&#8221;][et_pb_row _builder_version=&#8221;4.19.1&#8243; _module_preset=&#8221;default&#8221; global_colors_info=&#8221;{}&#8221;][et_pb_column type=&#8221;4_4&#8243; _builder_version=&#8221;4.19.1&#8243; _module_preset=&#8221;default&#8221; global_colors_info=&#8221;{}&#8221;][et_pb_text _builder_version=&#8221;4.21.0&#8243; _module_preset=&#8221;default&#8221; header_font=&#8221;|300|||||||&#8221; header_font_size=&#8221;36px&#8221; width=&#8221;60%&#8221; module_alignment=&#8221;center&#8221; hover_enabled=&#8221;0&#8243; global_colors_info=&#8221;{}&#8221; sticky_enabled=&#8221;0&#8243;]<\/p>\n<h1 style=\"text-align: center;\">Welcome to the official website of Janus Country Site! <\/h1>\n<p>[\/et_pb_text][\/et_pb_column][\/et_pb_row][et_pb_row column_structure=&#8221;2_5,3_5&#8243; use_custom_gutter=&#8221;on&#8221; gutter_width=&#8221;1&#8243; _builder_version=&#8221;4.19.1&#8243; _module_preset=&#8221;default&#8221; global_colors_info=&#8221;{}&#8221;][et_pb_column type=&#8221;2_5&#8243; _builder_version=&#8221;4.19.1&#8243; _module_preset=&#8221;default&#8221; global_colors_info=&#8221;{}&#8221;][et_pb_image src=&#8221;https:\/\/januscountry.hu\/wp-content\/uploads\/2023\/01\/janus-country-hamarosan-nyitunk-1.png&#8221; title_text=&#8221;janus-country-hamarosan-nyitunk&#8221; align=&#8221;center&#8221; _builder_version=&#8221;4.19.1&#8243; _module_preset=&#8221;default&#8221; width=&#8221;300px&#8221; max_width=&#8221;300px&#8221; custom_margin=&#8221;30px|||||&#8221; global_colors_info=&#8221;{}&#8221;][\/et_pb_image][\/et_pb_column][et_pb_column type=&#8221;3_5&#8243; _builder_version=&#8221;4.19.1&#8243; _module_preset=&#8221;default&#8221; global_colors_info=&#8221;{}&#8221;][et_pb_text _builder_version=&#8221;4.21.0&#8243; _module_preset=&#8221;default&#8221; text_line_height=&#8221;1.8em&#8221; module_alignment=&#8221;center&#8221; hover_enabled=&#8221;0&#8243; global_colors_info=&#8221;{}&#8221; sticky_enabled=&#8221;0&#8243;]<\/p>\n<p><strong>Dear Guests!<\/strong><\/p>\n<p>We are welcoming you from the spring of 2023, in Szakcs, at the heart of the fabulous Hills of Transdanubia.<\/p>\n<p>If you would like to get to know the hungarian Country-side, and to see the beautiful formations of nature, you should definitely visit us!<\/p>\n<p>Our concept was to merges modern minimalism with nature, in such a way, that each and every person would find it relaxing and comforting. We placed a few mobile homes across our 20 000 sqm plot, leaving most os the flora intact, with beautiful trees, lakes and paths, that present a really nice opportunity for exploring.<\/p>\n<p>Here, it is possible what would otherwise be unachivable at our hotel in Si\u00f3fok. Perhaps you could benefit of the combination of the two, a nice stay at our four star wellness hotel with all the facilities, then a relaxing, and isolated time with family at the hungarian countryside. We know, that as a consequence of our 30 years of experience in Hotel industry and turism, we can offer a unique, and memorable experience not just in Si\u00f3fok, but at Janus Country Site aswell!<\/p>\n<p>[\/et_pb_text][\/et_pb_column][\/et_pb_row][et_pb_row _builder_version=&#8221;4.19.1&#8243; _module_preset=&#8221;default&#8221; custom_padding=&#8221;||18px|||&#8221; global_colors_info=&#8221;{}&#8221;][et_pb_column type=&#8221;4_4&#8243; _builder_version=&#8221;4.19.1&#8243; _module_preset=&#8221;default&#8221; global_colors_info=&#8221;{}&#8221;][et_pb_divider _builder_version=&#8221;4.19.1&#8243; _module_preset=&#8221;default&#8221; global_colors_info=&#8221;{}&#8221;][\/et_pb_divider][\/et_pb_column][\/et_pb_row][et_pb_row column_structure=&#8221;2_5,3_5&#8243; use_custom_gutter=&#8221;on&#8221; gutter_width=&#8221;1&#8243; _builder_version=&#8221;4.19.1&#8243; _module_preset=&#8221;default&#8221; custom_margin=&#8221;-4px|auto||auto||&#8221; global_colors_info=&#8221;{}&#8221;][et_pb_column type=&#8221;2_5&#8243; _builder_version=&#8221;4.19.1&#8243; _module_preset=&#8221;default&#8221; global_colors_info=&#8221;{}&#8221;][et_pb_image src=&#8221;https:\/\/januscountry.hu\/wp-content\/uploads\/2023\/01\/legjobb-ar-garancia-janus-country-site.png&#8221; title_text=&#8221;legjobb-ar-garancia-janus-country-site&#8221; align=&#8221;center&#8221; _builder_version=&#8221;4.19.1&#8243; _module_preset=&#8221;default&#8221; width=&#8221;300px&#8221; max_width=&#8221;300px&#8221; custom_margin=&#8221;30px|||||&#8221; global_colors_info=&#8221;{}&#8221;][\/et_pb_image][\/et_pb_column][et_pb_column type=&#8221;3_5&#8243; _builder_version=&#8221;4.19.1&#8243; _module_preset=&#8221;default&#8221; global_colors_info=&#8221;{}&#8221;][et_pb_text _builder_version=&#8221;4.21.0&#8243; _module_preset=&#8221;default&#8221; text_line_height=&#8221;1.8em&#8221; text_orientation=&#8221;justified&#8221; module_alignment=&#8221;center&#8221; hover_enabled=&#8221;0&#8243; global_colors_info=&#8221;{}&#8221; sticky_enabled=&#8221;0&#8243;]<\/p>\n<h3>Reserve here, on our website forthe guaranteed best price!<\/h3>\n<h2>+36 30 500 6315<\/h2>\n<p>The offers on our website present the best deals for our facilities, this usually mean a 5-10% discount compared to other mediators.<\/p>\n<p>In case you can find a better deal at a third party, you can contact us, and we will grant itt to you with our official contract. Send us an email to janus@janushotel.hu and send the URL and a screenshot attached.<\/p>\n<p>[\/et_pb_text][\/et_pb_column][\/et_pb_row][et_pb_row _builder_version=&#8221;4.19.1&#8243; _module_preset=&#8221;default&#8221; custom_padding=&#8221;40px||18px|||&#8221; global_colors_info=&#8221;{}&#8221;][et_pb_column type=&#8221;4_4&#8243; _builder_version=&#8221;4.19.1&#8243; _module_preset=&#8221;default&#8221; global_colors_info=&#8221;{}&#8221;][et_pb_divider _builder_version=&#8221;4.19.1&#8243; _module_preset=&#8221;default&#8221; global_colors_info=&#8221;{}&#8221;][\/et_pb_divider][\/et_pb_column][\/et_pb_row][et_pb_row column_structure=&#8221;2_5,3_5&#8243; use_custom_gutter=&#8221;on&#8221; gutter_width=&#8221;2&#8243; _builder_version=&#8221;4.19.1&#8243; _module_preset=&#8221;default&#8221; custom_margin=&#8221;-4px|auto||auto||&#8221; global_colors_info=&#8221;{}&#8221;][et_pb_column type=&#8221;2_5&#8243; _builder_version=&#8221;4.19.1&#8243; _module_preset=&#8221;default&#8221; global_colors_info=&#8221;{}&#8221;][et_pb_image src=&#8221;https:\/\/januscountry.hu\/wp-content\/uploads\/2023\/01\/viza.png&#8221; title_text=&#8221;viza&#8221; align=&#8221;center&#8221; _builder_version=&#8221;4.19.1&#8243; _module_preset=&#8221;default&#8221; custom_margin=&#8221;4px|||||&#8221; global_colors_info=&#8221;{}&#8221;][\/et_pb_image][\/et_pb_column][et_pb_column type=&#8221;3_5&#8243; _builder_version=&#8221;4.19.1&#8243; _module_preset=&#8221;default&#8221; global_colors_info=&#8221;{}&#8221;][et_pb_text _builder_version=&#8221;4.21.0&#8243; _module_preset=&#8221;default&#8221; text_line_height=&#8221;1.8em&#8221; text_orientation=&#8221;justified&#8221; module_alignment=&#8221;center&#8221; custom_padding=&#8221;||23px|||&#8221; hover_enabled=&#8221;0&#8243; global_colors_info=&#8221;{}&#8221; sticky_enabled=&#8221;0&#8243;]<\/p>\n<h3>Information regarding the mandatory collection of personal data<\/h3>\n<p>From the date of september the 1th, 2021, in compliance with the hungarian law, we as a hotel must collect some of your personal data, through the scanning device in accordance with the same laws. Your data will be stored in the booking system of the hotel, and then will be transfered to the VIZA (Guest Information containing Closed Database). This means, that the hotel must scan 1 document (ID, Passport, Driving License) per person, so 1 after each guest, belonging to that guest. If you fail to comply with the law, and not able to show the required photo ID, you will not be able to check in, and won\u2019t be able to receive a refund! You can learn more information about this topic, here.<\/p>\n<p>[\/et_pb_text][et_pb_image src=&#8221;https:\/\/januscountry.hu\/wp-content\/uploads\/2023\/01\/viza-logo-kep.jpg&#8221; title_text=&#8221;viza-logo-kep&#8221; _builder_version=&#8221;4.19.1&#8243; _module_preset=&#8221;default&#8221; global_colors_info=&#8221;{}&#8221;][\/et_pb_image][\/et_pb_column][\/et_pb_row][et_pb_row _builder_version=&#8221;4.19.1&#8243; _module_preset=&#8221;default&#8221; custom_padding=&#8221;33px||18px|||&#8221; global_colors_info=&#8221;{}&#8221;][et_pb_column type=&#8221;4_4&#8243; _builder_version=&#8221;4.19.1&#8243; _module_preset=&#8221;default&#8221; global_colors_info=&#8221;{}&#8221;][et_pb_divider _builder_version=&#8221;4.19.1&#8243; _module_preset=&#8221;default&#8221; global_colors_info=&#8221;{}&#8221;][\/et_pb_divider][\/et_pb_column][\/et_pb_row][et_pb_row column_structure=&#8221;2_5,3_5&#8243; use_custom_gutter=&#8221;on&#8221; gutter_width=&#8221;2&#8243; _builder_version=&#8221;4.19.1&#8243; _module_preset=&#8221;default&#8221; custom_margin=&#8221;-4px|auto||auto||&#8221; global_colors_info=&#8221;{}&#8221;][et_pb_column type=&#8221;2_5&#8243; _builder_version=&#8221;4.19.1&#8243; _module_preset=&#8221;default&#8221; global_colors_info=&#8221;{}&#8221;][et_pb_image src=&#8221;https:\/\/januscountry.hu\/wp-content\/uploads\/2023\/01\/janus-country-tisztasag.jpg&#8221; title_text=&#8221;janus-country-tisztasag&#8221; align=&#8221;center&#8221; _builder_version=&#8221;4.19.1&#8243; _module_preset=&#8221;default&#8221; custom_margin=&#8221;4px|||||&#8221; global_colors_info=&#8221;{}&#8221;][\/et_pb_image][\/et_pb_column][et_pb_column type=&#8221;3_5&#8243; _builder_version=&#8221;4.19.1&#8243; _module_preset=&#8221;default&#8221; global_colors_info=&#8221;{}&#8221;][et_pb_text _builder_version=&#8221;4.21.0&#8243; _module_preset=&#8221;default&#8221; text_line_height=&#8221;1.8em&#8221; text_orientation=&#8221;justified&#8221; module_alignment=&#8221;center&#8221; custom_padding=&#8221;||23px|||&#8221; hover_enabled=&#8221;0&#8243; global_colors_info=&#8221;{}&#8221; sticky_enabled=&#8221;0&#8243;]<\/p>\n<h3>Cleanliness, Hygiene, security.<\/h3>\n<p>Cleanliness or our rooms are our top priority! Each of our guests room should be clean, and disinfected. Our employees make sure to use surface and air disinfectants at all times, to guarantee the hygiene of our rooms and facilities. After finishing with a room, we place an ozone generator in for about 40 mins, which sterilizes the AC unit, the textiles and the air!<\/p>\n<p>[\/et_pb_text][\/et_pb_column][\/et_pb_row][\/et_pb_section]<\/p>\n","protected":false},"excerpt":{"rendered":"<p>Welcome to the official website of Janus Country Site! Dear Guests! We are welcoming you from the spring of 2023, in Szakcs, at the heart of the fabulous Hills of Transdanubia. If you would like to get to know the hungarian Country-side, and to see the beautiful formations of nature, you should definitely visit us! [&hellip;]<\/p>\n","protected":false},"author":3,"featured_media":0,"parent":0,"menu_order":0,"comment_status":"closed","ping_status":"closed","template":"","meta":{"_et_pb_use_builder":"on","_et_pb_old_content":"","_et_gb_content_width":"","footnotes":""},"class_list":["post-426","page","type-page","status-publish","hentry"],"yoast_head":"<!-- This site is optimized with the Yoast SEO plugin v27.0 - https:\/\/yoast.com\/product\/yoast-seo-wordpress\/ -->\n<title>Home - Janus Country Site<\/title>\n<meta name=\"robots\" content=\"index, follow, max-snippet:-1, max-image-preview:large, max-video-preview:-1\" \/>\n<link rel=\"canonical\" href=\"https:\/\/januscountry.hu\/en\/\" \/>\n<meta property=\"og:locale\" content=\"en_US\" \/>\n<meta property=\"og:type\" content=\"article\" \/>\n<meta property=\"og:title\" content=\"Home - Janus Country Site\" \/>\n<meta property=\"og:description\" content=\"Welcome to the official website of Janus Country Site! Dear Guests! We are welcoming you from the spring of 2023, in Szakcs, at the heart of the fabulous Hills of Transdanubia. If you would like to get to know the hungarian Country-side, and to see the beautiful formations of nature, you should definitely visit us! [&hellip;]\" \/>\n<meta property=\"og:url\" content=\"https:\/\/januscountry.hu\/en\/\" \/>\n<meta property=\"og:site_name\" content=\"Janus Country Site\" \/>\n<meta property=\"article:modified_time\" content=\"2023-05-02T12:22:05+00:00\" \/>\n<meta name=\"twitter:card\" content=\"summary_large_image\" \/>\n<meta name=\"twitter:label1\" content=\"Est. reading time\" \/>\n\t<meta name=\"twitter:data1\" content=\"4 minutes\" \/>\n<script type=\"application\/ld+json\" class=\"yoast-schema-graph\">{\"@context\":\"https:\/\/schema.org\",\"@graph\":[{\"@type\":\"WebPage\",\"@id\":\"https:\/\/januscountry.hu\/en\/\",\"url\":\"https:\/\/januscountry.hu\/en\/\",\"name\":\"Home - Janus Country Site\",\"isPartOf\":{\"@id\":\"https:\/\/januscountry.hu\/#website\"},\"datePublished\":\"2023-01-10T12:40:35+00:00\",\"dateModified\":\"2023-05-02T12:22:05+00:00\",\"breadcrumb\":{\"@id\":\"https:\/\/januscountry.hu\/en\/#breadcrumb\"},\"inLanguage\":\"en-US\",\"potentialAction\":[{\"@type\":\"ReadAction\",\"target\":[\"https:\/\/januscountry.hu\/en\/\"]}]},{\"@type\":\"BreadcrumbList\",\"@id\":\"https:\/\/januscountry.hu\/en\/#breadcrumb\",\"itemListElement\":[{\"@type\":\"ListItem\",\"position\":1,\"name\":\"Kezd\u0151lap\",\"item\":\"https:\/\/januscountry.hu\/en\/\"},{\"@type\":\"ListItem\",\"position\":2,\"name\":\"Home\"}]},{\"@type\":\"WebSite\",\"@id\":\"https:\/\/januscountry.hu\/#website\",\"url\":\"https:\/\/januscountry.hu\/\",\"name\":\"Janus Country Site\",\"description\":\"\u00dcd\u00fcl\u0151h\u00e1zak Szakcson\",\"potentialAction\":[{\"@type\":\"SearchAction\",\"target\":{\"@type\":\"EntryPoint\",\"urlTemplate\":\"https:\/\/januscountry.hu\/?s={search_term_string}\"},\"query-input\":{\"@type\":\"PropertyValueSpecification\",\"valueRequired\":true,\"valueName\":\"search_term_string\"}}],\"inLanguage\":\"en-US\"}]}<\/script>\n<!-- \/ Yoast SEO plugin. -->","yoast_head_json":{"title":"Home - Janus Country Site","robots":{"index":"index","follow":"follow","max-snippet":"max-snippet:-1","max-image-preview":"max-image-preview:large","max-video-preview":"max-video-preview:-1"},"canonical":"https:\/\/januscountry.hu\/en\/","og_locale":"en_US","og_type":"article","og_title":"Home - Janus Country Site","og_description":"Welcome to the official website of Janus Country Site! Dear Guests! We are welcoming you from the spring of 2023, in Szakcs, at the heart of the fabulous Hills of Transdanubia. If you would like to get to know the hungarian Country-side, and to see the beautiful formations of nature, you should definitely visit us! [&hellip;]","og_url":"https:\/\/januscountry.hu\/en\/","og_site_name":"Janus Country Site","article_modified_time":"2023-05-02T12:22:05+00:00","twitter_card":"summary_large_image","twitter_misc":{"Est. reading time":"4 minutes"},"schema":{"@context":"https:\/\/schema.org","@graph":[{"@type":"WebPage","@id":"https:\/\/januscountry.hu\/en\/","url":"https:\/\/januscountry.hu\/en\/","name":"Home - Janus Country Site","isPartOf":{"@id":"https:\/\/januscountry.hu\/#website"},"datePublished":"2023-01-10T12:40:35+00:00","dateModified":"2023-05-02T12:22:05+00:00","breadcrumb":{"@id":"https:\/\/januscountry.hu\/en\/#breadcrumb"},"inLanguage":"en-US","potentialAction":[{"@type":"ReadAction","target":["https:\/\/januscountry.hu\/en\/"]}]},{"@type":"BreadcrumbList","@id":"https:\/\/januscountry.hu\/en\/#breadcrumb","itemListElement":[{"@type":"ListItem","position":1,"name":"Kezd\u0151lap","item":"https:\/\/januscountry.hu\/en\/"},{"@type":"ListItem","position":2,"name":"Home"}]},{"@type":"WebSite","@id":"https:\/\/januscountry.hu\/#website","url":"https:\/\/januscountry.hu\/","name":"Janus Country Site","description":"\u00dcd\u00fcl\u0151h\u00e1zak Szakcson","potentialAction":[{"@type":"SearchAction","target":{"@type":"EntryPoint","urlTemplate":"https:\/\/januscountry.hu\/?s={search_term_string}"},"query-input":{"@type":"PropertyValueSpecification","valueRequired":true,"valueName":"search_term_string"}}],"inLanguage":"en-US"}]}},"_links":{"self":[{"href":"https:\/\/januscountry.hu\/en\/wp-json\/wp\/v2\/pages\/426","targetHints":{"allow":["GET"]}}],"collection":[{"href":"https:\/\/januscountry.hu\/en\/wp-json\/wp\/v2\/pages"}],"about":[{"href":"https:\/\/januscountry.hu\/en\/wp-json\/wp\/v2\/types\/page"}],"author":[{"embeddable":true,"href":"https:\/\/januscountry.hu\/en\/wp-json\/wp\/v2\/users\/3"}],"replies":[{"embeddable":true,"href":"https:\/\/januscountry.hu\/en\/wp-json\/wp\/v2\/comments?post=426"}],"version-history":[{"count":10,"href":"https:\/\/januscountry.hu\/en\/wp-json\/wp\/v2\/pages\/426\/revisions"}],"predecessor-version":[{"id":436,"href":"https:\/\/januscountry.hu\/en\/wp-json\/wp\/v2\/pages\/426\/revisions\/436"}],"wp:attachment":[{"href":"https:\/\/januscountry.hu\/en\/wp-json\/wp\/v2\/media?parent=426"}],"curies":[{"name":"wp","href":"https:\/\/api.w.org\/{rel}","templated":true}]}}